{"id":483,"date":"2025-08-30T10:41:17","date_gmt":"2025-08-30T10:41:17","guid":{"rendered":"https:\/\/bouw-landgoeddeleijen.nl\/?page_id=483"},"modified":"2025-10-11T11:15:43","modified_gmt":"2025-10-11T11:15:43","slug":"contact","status":"publish","type":"page","link":"https:\/\/bouw-landgoeddeleijen.nl\/fr\/contact\/","title":{"rendered":"Contact"},"content":{"rendered":"<div data-elementor-type=\"wp-page\" data-elementor-id=\"483\" class=\"elementor elementor-483\">\n\t\t\t\t<div class=\"elementor-element elementor-element-18120eef e-flex e-con-boxed e-con e-parent\" data-id=\"18120eef\" data-element_type=\"container\" data-e-type=\"container\" data-settings=\"{&quot;background_background&quot;:&quot;classic&quot;}\">\n\t\t\t\t\t<div class=\"e-con-inner\">\n\t\t<div class=\"elementor-element elementor-element-1bb048dd e-con-full e-flex e-con e-child\" data-id=\"1bb048dd\" data-element_type=\"container\" data-e-type=\"container\">\n\t\t\t\t<div class=\"elementor-element elementor-element-e8a136f elementor-widget elementor-widget-heading\" data-id=\"e8a136f\" data-element_type=\"widget\" data-e-type=\"widget\" data-widget_type=\"heading.default\">\n\t\t\t\t\t<h2 class=\"elementor-heading-title elementor-size-default\">Contacter Landgoed de Leijen<\/h2>\t\t\t\t<\/div>\n\t\t\t\t<div class=\"elementor-element elementor-element-33ffceb elementor-widget elementor-widget-text-editor\" data-id=\"33ffceb\" data-element_type=\"widget\" data-e-type=\"widget\" data-widget_type=\"text-editor.default\">\n\t\t\t\t\t\t\t\t\t<p>Vous avez une question concernant l'une de nos tentes de safari ou l'h\u00e9bergement de groupe sur le Landgoed de Leijen ? Nous nous ferons un plaisir de vous aider !<\/p><p>Vous pouvez nous contacter \u00e0 l'adresse suivante<\/p><p><a href=\"tel:+316 119 515 19\">+316 119 515 19<\/a><br \/><a href=\"mailto:info@landgoeddeleijen.nl\">info@landgoeddeleijen.nl<\/a><\/p><p>Famille Dekker<br \/>Gemaalweg 6<br \/>1711 RZ Hensbroek<\/p><p>Chambre de commerce : 84981660<br \/>Num\u00e9ro de TVA : NL 0011.09.857.B32<\/p>\t\t\t\t\t\t\t\t<\/div>\n\t\t\t\t<\/div>\n\t\t<div class=\"elementor-element elementor-element-1003640d e-con-full e-flex e-con e-child\" data-id=\"1003640d\" data-element_type=\"container\" data-e-type=\"container\">\n\t\t\t\t<div class=\"elementor-element elementor-element-9302280 elementor-widget elementor-widget-image\" data-id=\"9302280\" data-element_type=\"widget\" data-e-type=\"widget\" data-widget_type=\"image.default\">\n\t\t\t\t\t\t\t\t\t\t\t\t\t\t\t<img fetchpriority=\"high\" decoding=\"async\" width=\"600\" height=\"400\" src=\"https:\/\/bouw-landgoeddeleijen.nl\/wp-content\/uploads\/2025\/07\/Luxe-safaritenten.jpg\" class=\"attachment-large size-large wp-image-104\" alt=\"Luxe safaritenten\" srcset=\"https:\/\/bouw-landgoeddeleijen.nl\/wp-content\/uploads\/2025\/07\/Luxe-safaritenten.jpg 600w, https:\/\/bouw-landgoeddeleijen.nl\/wp-content\/uploads\/2025\/07\/Luxe-safaritenten-300x200.jpg 300w\" sizes=\"(max-width: 600px) 100vw, 600px\" \/>\t\t\t\t\t\t\t\t\t\t\t\t\t\t\t<\/div>\n\t\t\t\t<\/div>\n\t\t\t\t\t<\/div>\n\t\t\t\t<\/div>\n\t\t<div class=\"elementor-element elementor-element-59d2b53 e-flex e-con-boxed e-con e-parent\" data-id=\"59d2b53\" data-element_type=\"container\" data-e-type=\"container\">\n\t\t\t\t\t<div class=\"e-con-inner\">\n\t\t<div class=\"elementor-element elementor-element-1694001 e-con-full e-flex e-con e-child\" data-id=\"1694001\" data-element_type=\"container\" data-e-type=\"container\">\n\t\t\t\t<div class=\"elementor-element elementor-element-c8550ea elementor-widget elementor-widget-image\" data-id=\"c8550ea\" data-element_type=\"widget\" data-e-type=\"widget\" data-widget_type=\"image.default\">\n\t\t\t\t\t\t\t\t\t\t\t\t\t\t\t<img decoding=\"async\" width=\"385\" height=\"385\" src=\"https:\/\/bouw-landgoeddeleijen.nl\/wp-content\/uploads\/2025\/08\/Familie-Dekker.jpg\" class=\"attachment-large size-large wp-image-165\" alt=\"Familie Dekker\" srcset=\"https:\/\/bouw-landgoeddeleijen.nl\/wp-content\/uploads\/2025\/08\/Familie-Dekker.jpg 385w, https:\/\/bouw-landgoeddeleijen.nl\/wp-content\/uploads\/2025\/08\/Familie-Dekker-300x300.jpg 300w, https:\/\/bouw-landgoeddeleijen.nl\/wp-content\/uploads\/2025\/08\/Familie-Dekker-150x150.jpg 150w\" sizes=\"(max-width: 385px) 100vw, 385px\" \/>\t\t\t\t\t\t\t\t\t\t\t\t\t\t\t<\/div>\n\t\t\t\t<\/div>\n\t\t<div class=\"elementor-element elementor-element-f3adfd7 e-con-full e-flex e-con e-child\" data-id=\"f3adfd7\" data-element_type=\"container\" data-e-type=\"container\">\n\t\t\t\t<div class=\"elementor-element elementor-element-bff7ad1 elementor-widget elementor-widget-spacer\" data-id=\"bff7ad1\" data-element_type=\"widget\" data-e-type=\"widget\" data-widget_type=\"spacer.default\">\n\t\t\t\t\t\t\t<div class=\"elementor-spacer\">\n\t\t\t<div class=\"elementor-spacer-inner\"><\/div>\n\t\t<\/div>\n\t\t\t\t\t\t<\/div>\n\t\t\t\t<div class=\"elementor-element elementor-element-6b36a27 elementor-widget elementor-widget-heading\" data-id=\"6b36a27\" data-element_type=\"widget\" data-e-type=\"widget\" data-widget_type=\"heading.default\">\n\t\t\t\t\t<h2 class=\"elementor-heading-title elementor-size-default\">A propos de nous<\/h2>\t\t\t\t<\/div>\n\t\t\t\t<div class=\"elementor-element elementor-element-baac174 elementor-widget elementor-widget-text-editor\" data-id=\"baac174\" data-element_type=\"widget\" data-e-type=\"widget\" data-widget_type=\"text-editor.default\">\n\t\t\t\t\t\t\t\t\t<p data-start=\"126\" data-end=\"625\">Nous sommes Peter et Tamara et nous vivons avec nos enfants Abby et Syb sur le Landgoed de Leijen. Nous avons toujours r\u00eav\u00e9 de fonder notre propre maison de vacances, et nous avons fait de ce r\u00eave une r\u00e9alit\u00e9. En plus de nos emplois r\u00e9guliers, nous nous occupons avec amour du domaine. Ce qui n'\u00e9tait au d\u00e9part qu'un h\u00e9bergement de groupe s'est transform\u00e9 en un lieu de vacances \u00e0 petite \u00e9chelle avec quatre tentes de safari \u00e0 l'ambiance chaleureuse. Et tout cela dans le village o\u00f9 Peter a pass\u00e9 son enfance.<\/p><p data-start=\"627\" data-end=\"686\">Vous viendrez bient\u00f4t passer un s\u00e9jour chez nous ?<\/p>\t\t\t\t\t\t\t\t<\/div>\n\t\t\t\t<div class=\"elementor-element elementor-element-1fabbe9 elementor-widget elementor-widget-button\" data-id=\"1fabbe9\" data-element_type=\"widget\" data-e-type=\"widget\" data-widget_type=\"button.default\">\n\t\t\t\t\t\t\t\t\t\t<a class=\"elementor-button elementor-button-link elementor-size-sm\" href=\"https:\/\/bouw-landgoeddeleijen.nl\/fr\/plan-je-verblijf\/\">\n\t\t\t\t\t\t<span class=\"elementor-button-content-wrapper\">\n\t\t\t\t\t\t\t\t\t<span class=\"elementor-button-text\">Planifiez votre s\u00e9jour<\/span>\n\t\t\t\t\t<\/span>\n\t\t\t\t\t<\/a>\n\t\t\t\t\t\t\t\t<\/div>\n\t\t\t\t<\/div>\n\t\t\t\t\t<\/div>\n\t\t\t\t<\/div>\n\t\t<div class=\"elementor-element elementor-element-104d6e6 e-flex e-con-boxed e-con e-parent\" data-id=\"104d6e6\" data-element_type=\"container\" data-e-type=\"container\" data-settings=\"{&quot;background_background&quot;:&quot;classic&quot;}\">\n\t\t\t\t\t<div class=\"e-con-inner\">\n\t\t<div class=\"elementor-element elementor-element-af959e4 e-con-full e-flex e-con e-child\" data-id=\"af959e4\" data-element_type=\"container\" data-e-type=\"container\">\n\t\t\t\t<div class=\"elementor-element elementor-element-1150af4 elementor-widget elementor-widget-spacer\" data-id=\"1150af4\" data-element_type=\"widget\" data-e-type=\"widget\" data-widget_type=\"spacer.default\">\n\t\t\t\t\t\t\t<div class=\"elementor-spacer\">\n\t\t\t<div class=\"elementor-spacer-inner\"><\/div>\n\t\t<\/div>\n\t\t\t\t\t\t<\/div>\n\t\t\t\t<div class=\"elementor-element elementor-element-1000345 elementor-widget elementor-widget-heading\" data-id=\"1000345\" data-element_type=\"widget\" data-e-type=\"widget\" data-widget_type=\"heading.default\">\n\t\t\t\t\t<h2 class=\"elementor-heading-title elementor-size-default\">Vacances au Landgoed de Leijen<\/h2>\t\t\t\t<\/div>\n\t\t\t\t<div class=\"elementor-element elementor-element-feee236 elementor-widget elementor-widget-text-editor\" data-id=\"feee236\" data-element_type=\"widget\" data-e-type=\"widget\" data-widget_type=\"text-editor.default\">\n\t\t\t\t\t\t\t\t\t<p data-start=\"115\" data-end=\"336\">\u00c0 Landgoed de Leijen, vous profiterez du calme, de la nature et de l'espace. Vous pouvez choisir de s\u00e9journer dans notre confortable h\u00e9bergement de groupe pour 14 personnes ou de vivre des vacances sp\u00e9ciales dans l'une de nos quatre tentes de safari de luxe.<\/p><p data-start=\"338\" data-end=\"539\">Notre domaine est totalement neutre sur le plan \u00e9nerg\u00e9tique : nous produisons notre propre \u00e9lectricit\u00e9 et notre propre chaleur \u00e0 l'aide de panneaux solaires et de collecteurs solaires. Nous sommes situ\u00e9s \u00e0 Gemaalweg 6 \u00e0 Hensbroek, pr\u00e8s d'Alkmaar et de Hoorn, en Hollande septentrionale.<\/p>\t\t\t\t\t\t\t\t<\/div>\n\t\t\t\t<div class=\"elementor-element elementor-element-7a8c5dc elementor-widget elementor-widget-button\" data-id=\"7a8c5dc\" data-element_type=\"widget\" data-e-type=\"widget\" data-widget_type=\"button.default\">\n\t\t\t\t\t\t\t\t\t\t<a class=\"elementor-button elementor-button-link elementor-size-sm\" href=\"https:\/\/bouw-landgoeddeleijen.nl\/fr\/plan-je-verblijf\/\">\n\t\t\t\t\t\t<span class=\"elementor-button-content-wrapper\">\n\t\t\t\t\t\t\t\t\t<span class=\"elementor-button-text\">D\u00e9couvrez tous les s\u00e9jours<\/span>\n\t\t\t\t\t<\/span>\n\t\t\t\t\t<\/a>\n\t\t\t\t\t\t\t\t<\/div>\n\t\t\t\t<\/div>\n\t\t<div class=\"elementor-element elementor-element-0b6ccf6 e-con-full e-flex e-con e-child\" data-id=\"0b6ccf6\" data-element_type=\"container\" data-e-type=\"container\">\n\t\t\t\t<div class=\"elementor-element elementor-element-02ce0d7 elementor-widget elementor-widget-image\" data-id=\"02ce0d7\" data-element_type=\"widget\" data-e-type=\"widget\" data-widget_type=\"image.default\">\n\t\t\t\t\t\t\t\t\t\t\t\t\t\t\t<img decoding=\"async\" width=\"600\" height=\"400\" src=\"https:\/\/bouw-landgoeddeleijen.nl\/wp-content\/uploads\/2025\/07\/Landgoed-de-Leijen-overzicht.jpg\" class=\"attachment-large size-large wp-image-97\" alt=\"Landgoed de Leijen overzicht\" srcset=\"https:\/\/bouw-landgoeddeleijen.nl\/wp-content\/uploads\/2025\/07\/Landgoed-de-Leijen-overzicht.jpg 600w, https:\/\/bouw-landgoeddeleijen.nl\/wp-content\/uploads\/2025\/07\/Landgoed-de-Leijen-overzicht-300x200.jpg 300w\" sizes=\"(max-width: 600px) 100vw, 600px\" \/>\t\t\t\t\t\t\t\t\t\t\t\t\t\t\t<\/div>\n\t\t\t\t<\/div>\n\t\t\t\t\t<\/div>\n\t\t\t\t<\/div>\n\t\t<div class=\"elementor-element elementor-element-7a6586fb e-flex e-con-boxed e-con e-parent\" data-id=\"7a6586fb\" data-element_type=\"container\" data-e-type=\"container\" data-settings=\"{&quot;background_background&quot;:&quot;classic&quot;}\">\n\t\t\t\t\t<div class=\"e-con-inner\">\n\t\t<div class=\"elementor-element elementor-element-30021b71 e-con-full e-flex e-con e-child\" data-id=\"30021b71\" data-element_type=\"container\" data-e-type=\"container\">\n\t\t\t\t<div class=\"elementor-element elementor-element-6c379d50 elementor-widget elementor-widget-text-editor\" data-id=\"6c379d50\" data-element_type=\"widget\" data-e-type=\"widget\" data-widget_type=\"text-editor.default\">\n\t\t\t\t\t\t\t\t\t<p>Bienvenue au Landgoed de Leijen. Dans le pittoresque Hensbroek, en Hollande septentrionale, vous trouverez le calme et la tranquillit\u00e9 dans la campagne. Nous sommes Peter et Tamara et avec notre jeune famille, vous profiterez ici de beaucoup d'espace et de la nature.\u00a0\u00a0<\/p>\t\t\t\t\t\t\t\t<\/div>\n\t\t\t\t<div class=\"elementor-element elementor-element-bb9f126 elementor-widget elementor-widget-button\" data-id=\"bb9f126\" data-element_type=\"widget\" data-e-type=\"widget\" data-widget_type=\"button.default\">\n\t\t\t\t\t\t\t\t\t\t<a class=\"elementor-button elementor-button-link elementor-size-sm\" href=\"https:\/\/bouw-landgoeddeleijen.nl\/fr\/plan-je-verblijf\/\">\n\t\t\t\t\t\t<span class=\"elementor-button-content-wrapper\">\n\t\t\t\t\t\t\t\t\t<span class=\"elementor-button-text\">Planifiez votre s\u00e9jour<\/span>\n\t\t\t\t\t<\/span>\n\t\t\t\t\t<\/a>\n\t\t\t\t\t\t\t\t<\/div>\n\t\t\t\t<\/div>\n\t\t<div class=\"elementor-element elementor-element-2af9207f e-con-full e-flex e-con e-child\" data-id=\"2af9207f\" data-element_type=\"container\" data-e-type=\"container\">\n\t\t\t\t<div class=\"elementor-element elementor-element-215d35fe elementor-widget elementor-widget-text-editor\" data-id=\"215d35fe\" data-element_type=\"widget\" data-e-type=\"widget\" data-widget_type=\"text-editor.default\">\n\t\t\t\t\t\t\t\t\t<p><a href=\"https:\/\/bouw-landgoeddeleijen.nl\/fr\/gastenboek\/\">Livre d'or<\/a><\/p><p><a href=\"https:\/\/bouw-landgoeddeleijen.nl\/fr\/groepsaccommodatie\/\">H\u00e9bergement de groupes<\/a><\/p><p><a href=\"https:\/\/bouw-landgoeddeleijen.nl\/fr\/safaritenten\/\">Tentes safari<\/a><\/p><p><a href=\"https:\/\/bouw-landgoeddeleijen.nl\/fr\/annuleringsvoorwaarden\/\">Politique d'annulation<\/a><\/p><p><a href=\"\/fr\/teambuilding\/\">Renforcement de l'esprit d'\u00e9quipe<\/a><\/p>\t\t\t\t\t\t\t\t<\/div>\n\t\t\t\t<\/div>\n\t\t<div class=\"elementor-element elementor-element-6e01c63d e-con-full e-flex e-con e-child\" data-id=\"6e01c63d\" data-element_type=\"container\" data-e-type=\"container\">\n\t\t\t\t<div class=\"elementor-element elementor-element-5300ced0 elementor-widget elementor-widget-text-editor\" data-id=\"5300ced0\" data-element_type=\"widget\" data-e-type=\"widget\" data-widget_type=\"text-editor.default\">\n\t\t\t\t\t\t\t\t\t<p><strong>Contact<\/strong><\/p><p>Gemaalweg 6<br \/>1711 RZ Hensbroek<br \/><a href=\"tel:+316 119 515 19\">+316 119 515 19<\/a><br \/><a href=\"mailto:info@landgoeddeleijen.nl\">info@landgoeddeleijen.nl<\/a><\/p>\t\t\t\t\t\t\t\t<\/div>\n\t\t\t\t<div class=\"elementor-element elementor-element-552125c elementor-widget elementor-widget-text-editor\" data-id=\"552125c\" data-element_type=\"widget\" data-e-type=\"widget\" data-widget_type=\"text-editor.default\">\n\t\t\t\t\t\t\t\t\t<p>Suivez-nous sur<\/p>\t\t\t\t\t\t\t\t<\/div>\n\t\t\t\t<div class=\"elementor-element elementor-element-74fca8f9 e-grid-align-left elementor-shape-rounded elementor-grid-0 elementor-widget elementor-widget-social-icons\" data-id=\"74fca8f9\" data-element_type=\"widget\" data-e-type=\"widget\" data-widget_type=\"social-icons.default\">\n\t\t\t\t\t\t\t<div class=\"elementor-social-icons-wrapper elementor-grid\">\n\t\t\t\t\t\t\t<span class=\"elementor-grid-item\">\n\t\t\t\t\t<a class=\"elementor-icon elementor-social-icon elementor-social-icon-facebook elementor-repeater-item-201d992\" href=\"https:\/\/www.facebook.com\/profile.php?id=100063400890565\" target=\"_blank\">\n\t\t\t\t\t\t<span class=\"elementor-screen-only\">Facebook<\/span>\n\t\t\t\t\t\t<svg aria-hidden=\"true\" class=\"e-font-icon-svg e-fab-facebook\" viewbox=\"0 0 512 512\" xmlns=\"http:\/\/www.w3.org\/2000\/svg\"><path d=\"M504 256C504 119 393 8 256 8S8 119 8 256c0 123.78 90.69 226.38 209.25 245V327.69h-63V256h63v-54.64c0-62.15 37-96.48 93.67-96.48 27.14 0 55.52 4.84 55.52 4.84v61h-31.28c-30.8 0-40.41 19.12-40.41 38.73V256h68.78l-11 71.69h-57.78V501C413.31 482.38 504 379.78 504 256z\"><\/path><\/svg>\t\t\t\t\t<\/a>\n\t\t\t\t<\/span>\n\t\t\t\t\t<\/div>\n\t\t\t\t\t\t<\/div>\n\t\t\t\t<\/div>\n\t\t<div class=\"elementor-element elementor-element-27022c5e e-con-full e-flex e-con e-child\" data-id=\"27022c5e\" data-element_type=\"container\" data-e-type=\"container\">\n\t\t\t\t<div class=\"elementor-element elementor-element-57db1b53 elementor-widget elementor-widget-image\" data-id=\"57db1b53\" data-element_type=\"widget\" data-e-type=\"widget\" data-widget_type=\"image.default\">\n\t\t\t\t\t\t\t\t\t\t\t\t\t\t\t\t<a href=\"https:\/\/bouw-landgoeddeleijen.nl\/fr\/\">\n\t\t\t\t\t\t\t<img loading=\"lazy\" decoding=\"async\" width=\"300\" height=\"260\" src=\"https:\/\/bouw-landgoeddeleijen.nl\/wp-content\/uploads\/2025\/07\/Icoon-Landgoed-de-Leijen-300x260.png\" class=\"attachment-medium size-medium wp-image-93\" alt=\"Landgoed de Leijen\" srcset=\"https:\/\/bouw-landgoeddeleijen.nl\/wp-content\/uploads\/2025\/07\/Icoon-Landgoed-de-Leijen-300x260.png 300w, https:\/\/bouw-landgoeddeleijen.nl\/wp-content\/uploads\/2025\/07\/Icoon-Landgoed-de-Leijen-768x665.png 768w, https:\/\/bouw-landgoeddeleijen.nl\/wp-content\/uploads\/2025\/07\/Icoon-Landgoed-de-Leijen.png 829w\" sizes=\"(max-width: 300px) 100vw, 300px\" \/>\t\t\t\t\t\t\t\t<\/a>\n\t\t\t\t\t\t\t\t\t\t\t\t\t\t\t<\/div>\n\t\t\t\t<div class=\"elementor-element elementor-element-485dc833 elementor-widget elementor-widget-text-editor\" data-id=\"485dc833\" data-element_type=\"widget\" data-e-type=\"widget\" data-widget_type=\"text-editor.default\">\n\t\t\t\t\t\t\t\t\t<p>Droit d'auteur <b>\u00a9 <\/b>2025<\/p>\t\t\t\t\t\t\t\t<\/div>\n\t\t\t\t<\/div>\n\t\t\t\t\t<\/div>\n\t\t\t\t<\/div>\n\t\t\t\t<\/div>","protected":false},"excerpt":{"rendered":"<p>Contact met Landgoed de Leijen Heb je een vraag over \u00e9\u00e9n van onze safaritenten of de groepsaccommodatie op Landgoed de Leijen? We helpen je graag! Je kunt ons bereiken op: +316 119 515 19info@landgoeddeleijen.nl Familie DekkerGemaalweg 61711 RZ Hensbroek KvK: 84981660Btw-nummer: NL 0011.09.857.B32 Over ons Wij zijn Peter en Tamara en wonen samen met onze [&hellip;]<\/p>","protected":false},"author":1,"featured_media":105,"parent":0,"menu_order":0,"comment_status":"closed","ping_status":"closed","template":"","meta":{"footnotes":""},"class_list":["post-483","page","type-page","status-publish","has-post-thumbnail","hentry"],"yoast_head":"<!-- This site is optimized with the Yoast SEO plugin v27.4 - https:\/\/yoast.com\/product\/yoast-seo-wordpress\/ -->\n<title>Contact - Landgoed de Leijen<\/title>\n<meta name=\"description\" content=\"Wil je meer weten over jouw verblijf op Landgoed de Leijen? Neem contact met ons op via 0611951519 of e-mail naar info@landgoeddeleijen.nl.\" \/>\n<meta name=\"robots\" content=\"noindex, follow, max-snippet:-1, max-image-preview:large, max-video-preview:-1\" \/>\n<meta property=\"og:locale\" content=\"fr_FR\" \/>\n<meta property=\"og:type\" content=\"article\" \/>\n<meta property=\"og:title\" content=\"Contact - Landgoed de Leijen\" \/>\n<meta property=\"og:description\" content=\"Wil je meer weten over jouw verblijf op Landgoed de Leijen? Neem contact met ons op via 0611951519 of e-mail naar info@landgoeddeleijen.nl.\" \/>\n<meta property=\"og:url\" content=\"https:\/\/bouw-landgoeddeleijen.nl\/fr\/contact\/\" \/>\n<meta property=\"og:site_name\" content=\"Landgoed de Leijen\" \/>\n<meta property=\"article:modified_time\" content=\"2025-10-11T11:15:43+00:00\" \/>\n<meta property=\"og:image\" content=\"https:\/\/bouw-landgoeddeleijen.nl\/wp-content\/uploads\/2025\/07\/Langoed-ruimte.jpg\" \/>\n\t<meta property=\"og:image:width\" content=\"600\" \/>\n\t<meta property=\"og:image:height\" content=\"400\" \/>\n\t<meta property=\"og:image:type\" content=\"image\/jpeg\" \/>\n<meta name=\"twitter:card\" content=\"summary_large_image\" \/>\n<meta name=\"twitter:label1\" content=\"Dur\u00e9e de lecture estim\u00e9e\" \/>\n\t<meta name=\"twitter:data1\" content=\"2 minutes\" \/>\n<script type=\"application\/ld+json\" class=\"yoast-schema-graph\">{\"@context\":\"https:\\\/\\\/schema.org\",\"@graph\":[{\"@type\":\"WebPage\",\"@id\":\"https:\\\/\\\/bouw-landgoeddeleijen.nl\\\/contact\\\/\",\"url\":\"https:\\\/\\\/bouw-landgoeddeleijen.nl\\\/contact\\\/\",\"name\":\"Contact - Landgoed de Leijen\",\"isPartOf\":{\"@id\":\"https:\\\/\\\/bouw-landgoeddeleijen.nl\\\/#website\"},\"primaryImageOfPage\":{\"@id\":\"https:\\\/\\\/bouw-landgoeddeleijen.nl\\\/contact\\\/#primaryimage\"},\"image\":{\"@id\":\"https:\\\/\\\/bouw-landgoeddeleijen.nl\\\/contact\\\/#primaryimage\"},\"thumbnailUrl\":\"https:\\\/\\\/bouw-landgoeddeleijen.nl\\\/wp-content\\\/uploads\\\/2025\\\/07\\\/Langoed-ruimte.jpg\",\"datePublished\":\"2025-08-30T10:41:17+00:00\",\"dateModified\":\"2025-10-11T11:15:43+00:00\",\"description\":\"Wil je meer weten over jouw verblijf op Landgoed de Leijen? Neem contact met ons op via 0611951519 of e-mail naar info@landgoeddeleijen.nl.\",\"breadcrumb\":{\"@id\":\"https:\\\/\\\/bouw-landgoeddeleijen.nl\\\/contact\\\/#breadcrumb\"},\"inLanguage\":\"fr-FR\",\"potentialAction\":[{\"@type\":\"ReadAction\",\"target\":[\"https:\\\/\\\/bouw-landgoeddeleijen.nl\\\/contact\\\/\"]}]},{\"@type\":\"ImageObject\",\"inLanguage\":\"fr-FR\",\"@id\":\"https:\\\/\\\/bouw-landgoeddeleijen.nl\\\/contact\\\/#primaryimage\",\"url\":\"https:\\\/\\\/bouw-landgoeddeleijen.nl\\\/wp-content\\\/uploads\\\/2025\\\/07\\\/Langoed-ruimte.jpg\",\"contentUrl\":\"https:\\\/\\\/bouw-landgoeddeleijen.nl\\\/wp-content\\\/uploads\\\/2025\\\/07\\\/Langoed-ruimte.jpg\",\"width\":600,\"height\":400,\"caption\":\"Langoed ruimte\"},{\"@type\":\"BreadcrumbList\",\"@id\":\"https:\\\/\\\/bouw-landgoeddeleijen.nl\\\/contact\\\/#breadcrumb\",\"itemListElement\":[{\"@type\":\"ListItem\",\"position\":1,\"name\":\"Home\",\"item\":\"https:\\\/\\\/bouw-landgoeddeleijen.nl\\\/\"},{\"@type\":\"ListItem\",\"position\":2,\"name\":\"Contact\"}]},{\"@type\":\"WebSite\",\"@id\":\"https:\\\/\\\/bouw-landgoeddeleijen.nl\\\/#website\",\"url\":\"https:\\\/\\\/bouw-landgoeddeleijen.nl\\\/\",\"name\":\"Landgoed de Leijen\",\"description\":\"\",\"publisher\":{\"@id\":\"https:\\\/\\\/bouw-landgoeddeleijen.nl\\\/#organization\"},\"potentialAction\":[{\"@type\":\"SearchAction\",\"target\":{\"@type\":\"EntryPoint\",\"urlTemplate\":\"https:\\\/\\\/bouw-landgoeddeleijen.nl\\\/?s={search_term_string}\"},\"query-input\":{\"@type\":\"PropertyValueSpecification\",\"valueRequired\":true,\"valueName\":\"search_term_string\"}}],\"inLanguage\":\"fr-FR\"},{\"@type\":\"Organization\",\"@id\":\"https:\\\/\\\/bouw-landgoeddeleijen.nl\\\/#organization\",\"name\":\"Landgoed de Leijen\",\"url\":\"https:\\\/\\\/bouw-landgoeddeleijen.nl\\\/\",\"logo\":{\"@type\":\"ImageObject\",\"inLanguage\":\"fr-FR\",\"@id\":\"https:\\\/\\\/bouw-landgoeddeleijen.nl\\\/#\\\/schema\\\/logo\\\/image\\\/\",\"url\":\"https:\\\/\\\/bouw-landgoeddeleijen.nl\\\/wp-content\\\/uploads\\\/2025\\\/07\\\/Landgoed-de-Leijen.jpg\",\"contentUrl\":\"https:\\\/\\\/bouw-landgoeddeleijen.nl\\\/wp-content\\\/uploads\\\/2025\\\/07\\\/Landgoed-de-Leijen.jpg\",\"width\":350,\"height\":100,\"caption\":\"Landgoed de Leijen\"},\"image\":{\"@id\":\"https:\\\/\\\/bouw-landgoeddeleijen.nl\\\/#\\\/schema\\\/logo\\\/image\\\/\"}}]}<\/script>\n<!-- \/ Yoast SEO plugin. -->","yoast_head_json":{"title":"Contact - Landgoed de Leijen","description":"Wil je meer weten over jouw verblijf op Landgoed de Leijen? Neem contact met ons op via 0611951519 of e-mail naar info@landgoeddeleijen.nl.","robots":{"index":"noindex","follow":"follow","max-snippet":"max-snippet:-1","max-image-preview":"max-image-preview:large","max-video-preview":"max-video-preview:-1"},"og_locale":"fr_FR","og_type":"article","og_title":"Contact - Landgoed de Leijen","og_description":"Wil je meer weten over jouw verblijf op Landgoed de Leijen? Neem contact met ons op via 0611951519 of e-mail naar info@landgoeddeleijen.nl.","og_url":"https:\/\/bouw-landgoeddeleijen.nl\/fr\/contact\/","og_site_name":"Landgoed de Leijen","article_modified_time":"2025-10-11T11:15:43+00:00","og_image":[{"width":600,"height":400,"url":"https:\/\/bouw-landgoeddeleijen.nl\/wp-content\/uploads\/2025\/07\/Langoed-ruimte.jpg","type":"image\/jpeg"}],"twitter_card":"summary_large_image","twitter_misc":{"Dur\u00e9e de lecture estim\u00e9e":"2 minutes"},"schema":{"@context":"https:\/\/schema.org","@graph":[{"@type":"WebPage","@id":"https:\/\/bouw-landgoeddeleijen.nl\/contact\/","url":"https:\/\/bouw-landgoeddeleijen.nl\/contact\/","name":"Contact - Landgoed de Leijen","isPartOf":{"@id":"https:\/\/bouw-landgoeddeleijen.nl\/#website"},"primaryImageOfPage":{"@id":"https:\/\/bouw-landgoeddeleijen.nl\/contact\/#primaryimage"},"image":{"@id":"https:\/\/bouw-landgoeddeleijen.nl\/contact\/#primaryimage"},"thumbnailUrl":"https:\/\/bouw-landgoeddeleijen.nl\/wp-content\/uploads\/2025\/07\/Langoed-ruimte.jpg","datePublished":"2025-08-30T10:41:17+00:00","dateModified":"2025-10-11T11:15:43+00:00","description":"Wil je meer weten over jouw verblijf op Landgoed de Leijen? Neem contact met ons op via 0611951519 of e-mail naar info@landgoeddeleijen.nl.","breadcrumb":{"@id":"https:\/\/bouw-landgoeddeleijen.nl\/contact\/#breadcrumb"},"inLanguage":"fr-FR","potentialAction":[{"@type":"ReadAction","target":["https:\/\/bouw-landgoeddeleijen.nl\/contact\/"]}]},{"@type":"ImageObject","inLanguage":"fr-FR","@id":"https:\/\/bouw-landgoeddeleijen.nl\/contact\/#primaryimage","url":"https:\/\/bouw-landgoeddeleijen.nl\/wp-content\/uploads\/2025\/07\/Langoed-ruimte.jpg","contentUrl":"https:\/\/bouw-landgoeddeleijen.nl\/wp-content\/uploads\/2025\/07\/Langoed-ruimte.jpg","width":600,"height":400,"caption":"Langoed ruimte"},{"@type":"BreadcrumbList","@id":"https:\/\/bouw-landgoeddeleijen.nl\/contact\/#breadcrumb","itemListElement":[{"@type":"ListItem","position":1,"name":"Home","item":"https:\/\/bouw-landgoeddeleijen.nl\/"},{"@type":"ListItem","position":2,"name":"Contact"}]},{"@type":"WebSite","@id":"https:\/\/bouw-landgoeddeleijen.nl\/#website","url":"https:\/\/bouw-landgoeddeleijen.nl\/","name":"Domaine de Leijen","description":"","publisher":{"@id":"https:\/\/bouw-landgoeddeleijen.nl\/#organization"},"potentialAction":[{"@type":"SearchAction","target":{"@type":"EntryPoint","urlTemplate":"https:\/\/bouw-landgoeddeleijen.nl\/?s={search_term_string}"},"query-input":{"@type":"PropertyValueSpecification","valueRequired":true,"valueName":"search_term_string"}}],"inLanguage":"fr-FR"},{"@type":"Organization","@id":"https:\/\/bouw-landgoeddeleijen.nl\/#organization","name":"Domaine de Leijen","url":"https:\/\/bouw-landgoeddeleijen.nl\/","logo":{"@type":"ImageObject","inLanguage":"fr-FR","@id":"https:\/\/bouw-landgoeddeleijen.nl\/#\/schema\/logo\/image\/","url":"https:\/\/bouw-landgoeddeleijen.nl\/wp-content\/uploads\/2025\/07\/Landgoed-de-Leijen.jpg","contentUrl":"https:\/\/bouw-landgoeddeleijen.nl\/wp-content\/uploads\/2025\/07\/Landgoed-de-Leijen.jpg","width":350,"height":100,"caption":"Landgoed de Leijen"},"image":{"@id":"https:\/\/bouw-landgoeddeleijen.nl\/#\/schema\/logo\/image\/"}}]}},"_links":{"self":[{"href":"https:\/\/bouw-landgoeddeleijen.nl\/fr\/wp-json\/wp\/v2\/pages\/483","targetHints":{"allow":["GET"]}}],"collection":[{"href":"https:\/\/bouw-landgoeddeleijen.nl\/fr\/wp-json\/wp\/v2\/pages"}],"about":[{"href":"https:\/\/bouw-landgoeddeleijen.nl\/fr\/wp-json\/wp\/v2\/types\/page"}],"author":[{"embeddable":true,"href":"https:\/\/bouw-landgoeddeleijen.nl\/fr\/wp-json\/wp\/v2\/users\/1"}],"replies":[{"embeddable":true,"href":"https:\/\/bouw-landgoeddeleijen.nl\/fr\/wp-json\/wp\/v2\/comments?post=483"}],"version-history":[{"count":28,"href":"https:\/\/bouw-landgoeddeleijen.nl\/fr\/wp-json\/wp\/v2\/pages\/483\/revisions"}],"predecessor-version":[{"id":917,"href":"https:\/\/bouw-landgoeddeleijen.nl\/fr\/wp-json\/wp\/v2\/pages\/483\/revisions\/917"}],"wp:featuredmedia":[{"embeddable":true,"href":"https:\/\/bouw-landgoeddeleijen.nl\/fr\/wp-json\/wp\/v2\/media\/105"}],"wp:attachment":[{"href":"https:\/\/bouw-landgoeddeleijen.nl\/fr\/wp-json\/wp\/v2\/media?parent=483"}],"curies":[{"name":"wp","href":"https:\/\/api.w.org\/{rel}","templated":true}]}}