{"id":164,"date":"2025-08-05T07:01:58","date_gmt":"2025-08-05T07:01:58","guid":{"rendered":"https:\/\/bouw-landgoeddeleijen.nl\/?page_id=164"},"modified":"2025-10-11T11:15:25","modified_gmt":"2025-10-11T11:15:25","slug":"over-ons","status":"publish","type":"page","link":"https:\/\/bouw-landgoeddeleijen.nl\/de\/over-ons\/","title":{"rendered":"\u00dcber uns"},"content":{"rendered":"<div data-elementor-type=\"wp-page\" data-elementor-id=\"164\" class=\"elementor elementor-164\">\n\t\t\t\t<div class=\"elementor-element elementor-element-18120eef e-flex e-con-boxed e-con e-parent\" data-id=\"18120eef\" data-element_type=\"container\" data-e-type=\"container\" data-settings=\"{&quot;background_background&quot;:&quot;slideshow&quot;,&quot;background_slideshow_gallery&quot;:[{&quot;id&quot;:55,&quot;url&quot;:&quot;https:\\\/\\\/bouw-landgoeddeleijen.nl\\\/wp-content\\\/uploads\\\/2025\\\/07\\\/Landgoed-de-Leijen-vakantie-header.jpg&quot;},{&quot;id&quot;:67,&quot;url&quot;:&quot;https:\\\/\\\/bouw-landgoeddeleijen.nl\\\/wp-content\\\/uploads\\\/2025\\\/07\\\/Landgoed-de-Leijen-groepsaccommodatie.jpg&quot;},{&quot;id&quot;:65,&quot;url&quot;:&quot;https:\\\/\\\/bouw-landgoeddeleijen.nl\\\/wp-content\\\/uploads\\\/2025\\\/07\\\/Landgoed-de-Leijen-safaritent.jpg&quot;},{&quot;id&quot;:66,&quot;url&quot;:&quot;https:\\\/\\\/bouw-landgoeddeleijen.nl\\\/wp-content\\\/uploads\\\/2025\\\/07\\\/Landgoed-de-Leijen-meer.jpg&quot;},{&quot;id&quot;:68,&quot;url&quot;:&quot;https:\\\/\\\/bouw-landgoeddeleijen.nl\\\/wp-content\\\/uploads\\\/2025\\\/07\\\/Landgoed-de-Leijen-groepsaccommodatie-buitenplaats.jpg&quot;},{&quot;id&quot;:69,&quot;url&quot;:&quot;https:\\\/\\\/bouw-landgoeddeleijen.nl\\\/wp-content\\\/uploads\\\/2025\\\/07\\\/Landgoed-de-Leijen-buiten.jpg&quot;}],&quot;background_slideshow_transition_duration&quot;:300,&quot;background_slideshow_loop&quot;:&quot;yes&quot;,&quot;background_slideshow_slide_duration&quot;:5000,&quot;background_slideshow_slide_transition&quot;:&quot;fade&quot;}\">\n\t\t\t\t\t<div class=\"e-con-inner\">\n\t\t<div class=\"elementor-element elementor-element-1bb048dd e-con-full e-flex e-con e-child\" data-id=\"1bb048dd\" data-element_type=\"container\" data-e-type=\"container\">\n\t\t\t\t<div class=\"elementor-element elementor-element-e8a136f elementor-widget elementor-widget-heading\" data-id=\"e8a136f\" data-element_type=\"widget\" data-e-type=\"widget\" data-widget_type=\"heading.default\">\n\t\t\t\t\t<h2 class=\"elementor-heading-title elementor-size-default\">\u00dcber Landgoed de Leijen<\/h2>\t\t\t\t<\/div>\n\t\t\t\t<div class=\"elementor-element elementor-element-33ffceb elementor-widget elementor-widget-text-editor\" data-id=\"33ffceb\" data-element_type=\"widget\" data-e-type=\"widget\" data-widget_type=\"text-editor.default\">\n\t\t\t\t\t\t\t\t\t<p>Landgoed de Leijen ist unser Zuhause und wir teilen es gerne mit Ihnen. Genie\u00dfen Sie die Ruhe und den Frieden in unserer Gruppenunterkunft f\u00fcr bis zu 14 Personen oder in einem der Safarizelte.\u00a0<\/p>\t\t\t\t\t\t\t\t<\/div>\n\t\t\t\t<div class=\"elementor-element elementor-element-7ff5a53 elementor-widget elementor-widget-button\" data-id=\"7ff5a53\" data-element_type=\"widget\" data-e-type=\"widget\" data-widget_type=\"button.default\">\n\t\t\t\t\t\t\t\t\t\t<a class=\"elementor-button elementor-button-link elementor-size-sm\" href=\"https:\/\/bouw-landgoeddeleijen.nl\/de\/plan-je-verblijf\/\">\n\t\t\t\t\t\t<span class=\"elementor-button-content-wrapper\">\n\t\t\t\t\t\t\t\t\t<span class=\"elementor-button-text\">Planen Sie Ihren Aufenthalt<\/span>\n\t\t\t\t\t<\/span>\n\t\t\t\t\t<\/a>\n\t\t\t\t\t\t\t\t<\/div>\n\t\t\t\t<\/div>\n\t\t<div class=\"elementor-element elementor-element-1003640d e-con-full e-flex e-con e-child\" data-id=\"1003640d\" data-element_type=\"container\" data-e-type=\"container\">\n\t\t\t\t<\/div>\n\t\t\t\t\t<\/div>\n\t\t\t\t<\/div>\n\t\t<div class=\"elementor-element elementor-element-59d2b53 e-flex e-con-boxed e-con e-parent\" data-id=\"59d2b53\" data-element_type=\"container\" data-e-type=\"container\">\n\t\t\t\t\t<div class=\"e-con-inner\">\n\t\t<div class=\"elementor-element elementor-element-1694001 e-con-full e-flex e-con e-child\" data-id=\"1694001\" data-element_type=\"container\" data-e-type=\"container\">\n\t\t\t\t<div class=\"elementor-element elementor-element-c8550ea elementor-widget elementor-widget-image\" data-id=\"c8550ea\" data-element_type=\"widget\" data-e-type=\"widget\" data-widget_type=\"image.default\">\n\t\t\t\t\t\t\t\t\t\t\t\t\t\t\t<img fetchpriority=\"high\" decoding=\"async\" width=\"385\" height=\"385\" src=\"https:\/\/bouw-landgoeddeleijen.nl\/wp-content\/uploads\/2025\/08\/Familie-Dekker.jpg\" class=\"attachment-large size-large wp-image-165\" alt=\"Familie Dekker\" srcset=\"https:\/\/bouw-landgoeddeleijen.nl\/wp-content\/uploads\/2025\/08\/Familie-Dekker.jpg 385w, https:\/\/bouw-landgoeddeleijen.nl\/wp-content\/uploads\/2025\/08\/Familie-Dekker-300x300.jpg 300w, https:\/\/bouw-landgoeddeleijen.nl\/wp-content\/uploads\/2025\/08\/Familie-Dekker-150x150.jpg 150w\" sizes=\"(max-width: 385px) 100vw, 385px\" \/>\t\t\t\t\t\t\t\t\t\t\t\t\t\t\t<\/div>\n\t\t\t\t<\/div>\n\t\t<div class=\"elementor-element elementor-element-f3adfd7 e-con-full e-flex e-con e-child\" data-id=\"f3adfd7\" data-element_type=\"container\" data-e-type=\"container\">\n\t\t\t\t<div class=\"elementor-element elementor-element-bff7ad1 elementor-widget elementor-widget-spacer\" data-id=\"bff7ad1\" data-element_type=\"widget\" data-e-type=\"widget\" data-widget_type=\"spacer.default\">\n\t\t\t\t\t\t\t<div class=\"elementor-spacer\">\n\t\t\t<div class=\"elementor-spacer-inner\"><\/div>\n\t\t<\/div>\n\t\t\t\t\t\t<\/div>\n\t\t\t\t<div class=\"elementor-element elementor-element-6b36a27 elementor-widget elementor-widget-heading\" data-id=\"6b36a27\" data-element_type=\"widget\" data-e-type=\"widget\" data-widget_type=\"heading.default\">\n\t\t\t\t\t<h2 class=\"elementor-heading-title elementor-size-default\">\u00dcber uns<\/h2>\t\t\t\t<\/div>\n\t\t\t\t<div class=\"elementor-element elementor-element-baac174 elementor-widget elementor-widget-text-editor\" data-id=\"baac174\" data-element_type=\"widget\" data-e-type=\"widget\" data-widget_type=\"text-editor.default\">\n\t\t\t\t\t\t\t\t\t<p>Wir sind Peter und Tamara und wohnen zusammen mit unseren Kindern Abby und Syb auf dem Landgoed de Leijen. Es war schon immer unser Traum, ein Ferienhaus zu er\u00f6ffnen. Jetzt kombinieren wir unsere regul\u00e4ren Jobs mit der Pflege des sch\u00f6nen Landguts. Was mit einer Gruppenunterkunft begann, ist jetzt zu einer kleinen Ferienunterkunft mit vier Safarizelten angewachsen. Und das alles in dem Dorf, in dem Peter aufgewachsen ist.<\/p><p>Werden Sie auch bald mit uns in den Urlaub fahren?<\/p>\t\t\t\t\t\t\t\t<\/div>\n\t\t\t\t<div class=\"elementor-element elementor-element-1fabbe9 elementor-widget elementor-widget-button\" data-id=\"1fabbe9\" data-element_type=\"widget\" data-e-type=\"widget\" data-widget_type=\"button.default\">\n\t\t\t\t\t\t\t\t\t\t<a class=\"elementor-button elementor-button-link elementor-size-sm\" href=\"https:\/\/bouw-landgoeddeleijen.nl\/de\/plan-je-verblijf\/\">\n\t\t\t\t\t\t<span class=\"elementor-button-content-wrapper\">\n\t\t\t\t\t\t\t\t\t<span class=\"elementor-button-text\">Planen Sie Ihren Aufenthalt<\/span>\n\t\t\t\t\t<\/span>\n\t\t\t\t\t<\/a>\n\t\t\t\t\t\t\t\t<\/div>\n\t\t\t\t<\/div>\n\t\t\t\t\t<\/div>\n\t\t\t\t<\/div>\n\t\t<div class=\"elementor-element elementor-element-104d6e6 e-flex e-con-boxed e-con e-parent\" data-id=\"104d6e6\" data-element_type=\"container\" data-e-type=\"container\" data-settings=\"{&quot;background_background&quot;:&quot;classic&quot;}\">\n\t\t\t\t\t<div class=\"e-con-inner\">\n\t\t<div class=\"elementor-element elementor-element-af959e4 e-con-full e-flex e-con e-child\" data-id=\"af959e4\" data-element_type=\"container\" data-e-type=\"container\">\n\t\t\t\t<div class=\"elementor-element elementor-element-1150af4 elementor-widget elementor-widget-spacer\" data-id=\"1150af4\" data-element_type=\"widget\" data-e-type=\"widget\" data-widget_type=\"spacer.default\">\n\t\t\t\t\t\t\t<div class=\"elementor-spacer\">\n\t\t\t<div class=\"elementor-spacer-inner\"><\/div>\n\t\t<\/div>\n\t\t\t\t\t\t<\/div>\n\t\t\t\t<div class=\"elementor-element elementor-element-1000345 elementor-widget elementor-widget-heading\" data-id=\"1000345\" data-element_type=\"widget\" data-e-type=\"widget\" data-widget_type=\"heading.default\">\n\t\t\t\t\t<h2 class=\"elementor-heading-title elementor-size-default\">Urlaub im Landgoed de Leijen<\/h2>\t\t\t\t<\/div>\n\t\t\t\t<div class=\"elementor-element elementor-element-feee236 elementor-widget elementor-widget-text-editor\" data-id=\"feee236\" data-element_type=\"widget\" data-e-type=\"widget\" data-widget_type=\"text-editor.default\">\n\t\t\t\t\t\t\t\t\t<p>Auf unserem Landgoed de Leijen erleben Sie Ruhe, Natur und Weite. \u00dcbernachten Sie in unserer Gruppenunterkunft f\u00fcr 14 Personen oder buchen Sie einen Urlaub in einem unserer vier luxuri\u00f6sen Safarizelte.\u00a0<\/p><p>Landgoed de Leijen ist energieneutral. Solarzellen und Sonnenkollektoren liefern Strom und W\u00e4rme. Sie finden uns im Gemaalweg 6 in Hensbroek, Nordholland.\u00a0<\/p>\t\t\t\t\t\t\t\t<\/div>\n\t\t\t\t<div class=\"elementor-element elementor-element-7a8c5dc elementor-widget elementor-widget-button\" data-id=\"7a8c5dc\" data-element_type=\"widget\" data-e-type=\"widget\" data-widget_type=\"button.default\">\n\t\t\t\t\t\t\t\t\t\t<a class=\"elementor-button elementor-button-link elementor-size-sm\" href=\"https:\/\/bouw-landgoeddeleijen.nl\/de\/plan-je-verblijf\/\">\n\t\t\t\t\t\t<span class=\"elementor-button-content-wrapper\">\n\t\t\t\t\t\t\t\t\t<span class=\"elementor-button-text\">Alle Aufenthalte entdecken<\/span>\n\t\t\t\t\t<\/span>\n\t\t\t\t\t<\/a>\n\t\t\t\t\t\t\t\t<\/div>\n\t\t\t\t<\/div>\n\t\t<div class=\"elementor-element elementor-element-0b6ccf6 e-con-full e-flex e-con e-child\" data-id=\"0b6ccf6\" data-element_type=\"container\" data-e-type=\"container\">\n\t\t\t\t<div class=\"elementor-element elementor-element-02ce0d7 elementor-widget elementor-widget-image\" data-id=\"02ce0d7\" data-element_type=\"widget\" data-e-type=\"widget\" data-widget_type=\"image.default\">\n\t\t\t\t\t\t\t\t\t\t\t\t\t\t\t<img decoding=\"async\" width=\"600\" height=\"400\" src=\"https:\/\/bouw-landgoeddeleijen.nl\/wp-content\/uploads\/2025\/07\/Landgoed-de-Leijen-overzicht.jpg\" class=\"attachment-large size-large wp-image-97\" alt=\"Landgoed de Leijen overzicht\" srcset=\"https:\/\/bouw-landgoeddeleijen.nl\/wp-content\/uploads\/2025\/07\/Landgoed-de-Leijen-overzicht.jpg 600w, https:\/\/bouw-landgoeddeleijen.nl\/wp-content\/uploads\/2025\/07\/Landgoed-de-Leijen-overzicht-300x200.jpg 300w\" sizes=\"(max-width: 600px) 100vw, 600px\" \/>\t\t\t\t\t\t\t\t\t\t\t\t\t\t\t<\/div>\n\t\t\t\t<\/div>\n\t\t\t\t\t<\/div>\n\t\t\t\t<\/div>\n\t\t<div class=\"elementor-element elementor-element-7a6586fb e-flex e-con-boxed e-con e-parent\" data-id=\"7a6586fb\" data-element_type=\"container\" data-e-type=\"container\" data-settings=\"{&quot;background_background&quot;:&quot;classic&quot;}\">\n\t\t\t\t\t<div class=\"e-con-inner\">\n\t\t<div class=\"elementor-element elementor-element-30021b71 e-con-full e-flex e-con e-child\" data-id=\"30021b71\" data-element_type=\"container\" data-e-type=\"container\">\n\t\t\t\t<div class=\"elementor-element elementor-element-6c379d50 elementor-widget elementor-widget-text-editor\" data-id=\"6c379d50\" data-element_type=\"widget\" data-e-type=\"widget\" data-widget_type=\"text-editor.default\">\n\t\t\t\t\t\t\t\t\t<p>Willkommen bei Landgoed de Leijen. Im malerischen Hensbroek in Nordholland finden Sie Ruhe und Frieden auf dem Lande. Wir sind Peter und Tamara und zusammen mit unserer jungen Familie werden Sie hier viel Platz und Natur genie\u00dfen.\u00a0\u00a0<\/p>\t\t\t\t\t\t\t\t<\/div>\n\t\t\t\t<div class=\"elementor-element elementor-element-bb9f126 elementor-widget elementor-widget-button\" data-id=\"bb9f126\" data-element_type=\"widget\" data-e-type=\"widget\" data-widget_type=\"button.default\">\n\t\t\t\t\t\t\t\t\t\t<a class=\"elementor-button elementor-button-link elementor-size-sm\" href=\"https:\/\/bouw-landgoeddeleijen.nl\/de\/plan-je-verblijf\/\">\n\t\t\t\t\t\t<span class=\"elementor-button-content-wrapper\">\n\t\t\t\t\t\t\t\t\t<span class=\"elementor-button-text\">Planen Sie Ihren Aufenthalt<\/span>\n\t\t\t\t\t<\/span>\n\t\t\t\t\t<\/a>\n\t\t\t\t\t\t\t\t<\/div>\n\t\t\t\t<\/div>\n\t\t<div class=\"elementor-element elementor-element-2af9207f e-con-full e-flex e-con e-child\" data-id=\"2af9207f\" data-element_type=\"container\" data-e-type=\"container\">\n\t\t\t\t<div class=\"elementor-element elementor-element-215d35fe elementor-widget elementor-widget-text-editor\" data-id=\"215d35fe\" data-element_type=\"widget\" data-e-type=\"widget\" data-widget_type=\"text-editor.default\">\n\t\t\t\t\t\t\t\t\t<p><a href=\"https:\/\/bouw-landgoeddeleijen.nl\/de\/gastenboek\/\">G\u00e4stebuch<\/a><\/p><p><a href=\"https:\/\/bouw-landgoeddeleijen.nl\/de\/groepsaccommodatie\/\">Gruppenunterkunft<\/a><\/p><p><a href=\"https:\/\/bouw-landgoeddeleijen.nl\/de\/safaritenten\/\">Safari-Zelte<\/a><\/p><p><a href=\"https:\/\/bouw-landgoeddeleijen.nl\/de\/annuleringsvoorwaarden\/\">Annullierungspolitik<\/a><\/p><p><a href=\"\/de\/teambuilding\/\">Teambildung<\/a><\/p>\t\t\t\t\t\t\t\t<\/div>\n\t\t\t\t<\/div>\n\t\t<div class=\"elementor-element elementor-element-6e01c63d e-con-full e-flex e-con e-child\" data-id=\"6e01c63d\" data-element_type=\"container\" data-e-type=\"container\">\n\t\t\t\t<div class=\"elementor-element elementor-element-5300ced0 elementor-widget elementor-widget-text-editor\" data-id=\"5300ced0\" data-element_type=\"widget\" data-e-type=\"widget\" data-widget_type=\"text-editor.default\">\n\t\t\t\t\t\t\t\t\t<p><strong>Kontakt<\/strong><\/p><p>Gemaalweg 6<br \/>1711 RZ Hensbroek<br \/><a href=\"tel:+316 119 515 19\">+316 119 515 19<\/a><br \/><a href=\"mailto:info@landgoeddeleijen.nl\">info@landgoeddeleijen.nl<\/a><\/p>\t\t\t\t\t\t\t\t<\/div>\n\t\t\t\t<div class=\"elementor-element elementor-element-552125c elementor-widget elementor-widget-text-editor\" data-id=\"552125c\" data-element_type=\"widget\" data-e-type=\"widget\" data-widget_type=\"text-editor.default\">\n\t\t\t\t\t\t\t\t\t<p>Folgen Sie uns auf<\/p>\t\t\t\t\t\t\t\t<\/div>\n\t\t\t\t<div class=\"elementor-element elementor-element-74fca8f9 e-grid-align-left elementor-shape-rounded elementor-grid-0 elementor-widget elementor-widget-social-icons\" data-id=\"74fca8f9\" data-element_type=\"widget\" data-e-type=\"widget\" data-widget_type=\"social-icons.default\">\n\t\t\t\t\t\t\t<div class=\"elementor-social-icons-wrapper elementor-grid\">\n\t\t\t\t\t\t\t<span class=\"elementor-grid-item\">\n\t\t\t\t\t<a class=\"elementor-icon elementor-social-icon elementor-social-icon-facebook elementor-repeater-item-201d992\" href=\"https:\/\/www.facebook.com\/profile.php?id=100063400890565\" target=\"_blank\">\n\t\t\t\t\t\t<span class=\"elementor-screen-only\">Facebook<\/span>\n\t\t\t\t\t\t<svg aria-hidden=\"true\" class=\"e-font-icon-svg e-fab-facebook\" viewbox=\"0 0 512 512\" xmlns=\"http:\/\/www.w3.org\/2000\/svg\"><path d=\"M504 256C504 119 393 8 256 8S8 119 8 256c0 123.78 90.69 226.38 209.25 245V327.69h-63V256h63v-54.64c0-62.15 37-96.48 93.67-96.48 27.14 0 55.52 4.84 55.52 4.84v61h-31.28c-30.8 0-40.41 19.12-40.41 38.73V256h68.78l-11 71.69h-57.78V501C413.31 482.38 504 379.78 504 256z\"><\/path><\/svg>\t\t\t\t\t<\/a>\n\t\t\t\t<\/span>\n\t\t\t\t\t<\/div>\n\t\t\t\t\t\t<\/div>\n\t\t\t\t<\/div>\n\t\t<div class=\"elementor-element elementor-element-27022c5e e-con-full e-flex e-con e-child\" data-id=\"27022c5e\" data-element_type=\"container\" data-e-type=\"container\">\n\t\t\t\t<div class=\"elementor-element elementor-element-57db1b53 elementor-widget elementor-widget-image\" data-id=\"57db1b53\" data-element_type=\"widget\" data-e-type=\"widget\" data-widget_type=\"image.default\">\n\t\t\t\t\t\t\t\t\t\t\t\t\t\t\t\t<a href=\"https:\/\/bouw-landgoeddeleijen.nl\/de\/\">\n\t\t\t\t\t\t\t<img decoding=\"async\" width=\"300\" height=\"260\" src=\"https:\/\/bouw-landgoeddeleijen.nl\/wp-content\/uploads\/2025\/07\/Icoon-Landgoed-de-Leijen-300x260.png\" class=\"attachment-medium size-medium wp-image-93\" alt=\"Landgoed de Leijen\" srcset=\"https:\/\/bouw-landgoeddeleijen.nl\/wp-content\/uploads\/2025\/07\/Icoon-Landgoed-de-Leijen-300x260.png 300w, https:\/\/bouw-landgoeddeleijen.nl\/wp-content\/uploads\/2025\/07\/Icoon-Landgoed-de-Leijen-768x665.png 768w, https:\/\/bouw-landgoeddeleijen.nl\/wp-content\/uploads\/2025\/07\/Icoon-Landgoed-de-Leijen.png 829w\" sizes=\"(max-width: 300px) 100vw, 300px\" \/>\t\t\t\t\t\t\t\t<\/a>\n\t\t\t\t\t\t\t\t\t\t\t\t\t\t\t<\/div>\n\t\t\t\t<div class=\"elementor-element elementor-element-485dc833 elementor-widget elementor-widget-text-editor\" data-id=\"485dc833\" data-element_type=\"widget\" data-e-type=\"widget\" data-widget_type=\"text-editor.default\">\n\t\t\t\t\t\t\t\t\t<p>Urheberrecht <b>\u00a9 <\/b>2025<\/p>\t\t\t\t\t\t\t\t<\/div>\n\t\t\t\t<\/div>\n\t\t\t\t\t<\/div>\n\t\t\t\t<\/div>\n\t\t\t\t<\/div>","protected":false},"excerpt":{"rendered":"<p>Over Landgoed de Leijen Landgoed de Leijen is ons thuis en dat delen we graag met jou. Geniet van de rust en ruimte in onze groepsaccommodatie tot 14 personen of in \u00e9\u00e9n van de safaritenten.\u00a0 Plan je verblijf Over ons Wij zijn Peter en Tamara, en samen met onze kinderen Abby en Syb wonen wij [&hellip;]<\/p>","protected":false},"author":1,"featured_media":165,"parent":0,"menu_order":0,"comment_status":"closed","ping_status":"closed","template":"","meta":{"footnotes":""},"class_list":["post-164","page","type-page","status-publish","has-post-thumbnail","hentry"],"yoast_head":"<!-- This site is optimized with the Yoast SEO plugin v27.4 - https:\/\/yoast.com\/product\/yoast-seo-wordpress\/ -->\n<title>Over ons - Landgoed de Leijen<\/title>\n<meta name=\"description\" content=\"Wij zijn Peter en Tamara en samen met onze kinderen Abby en Syb wonen wij op Landgoed de Leijen, een kleinschalig vakantieverblijf.\" \/>\n<meta name=\"robots\" content=\"noindex, follow, max-snippet:-1, max-image-preview:large, max-video-preview:-1\" \/>\n<meta property=\"og:locale\" content=\"de_DE\" \/>\n<meta property=\"og:type\" content=\"article\" \/>\n<meta property=\"og:title\" content=\"Over ons - Landgoed de Leijen\" \/>\n<meta property=\"og:description\" content=\"Wij zijn Peter en Tamara en samen met onze kinderen Abby en Syb wonen wij op Landgoed de Leijen, een kleinschalig vakantieverblijf.\" \/>\n<meta property=\"og:url\" content=\"https:\/\/bouw-landgoeddeleijen.nl\/de\/over-ons\/\" \/>\n<meta property=\"og:site_name\" content=\"Landgoed de Leijen\" \/>\n<meta property=\"article:modified_time\" content=\"2025-10-11T11:15:25+00:00\" \/>\n<meta property=\"og:image\" content=\"https:\/\/bouw-landgoeddeleijen.nl\/wp-content\/uploads\/2025\/08\/Familie-Dekker.jpg\" \/>\n\t<meta property=\"og:image:width\" content=\"385\" \/>\n\t<meta property=\"og:image:height\" content=\"385\" \/>\n\t<meta property=\"og:image:type\" content=\"image\/jpeg\" \/>\n<meta name=\"twitter:card\" content=\"summary_large_image\" \/>\n<meta name=\"twitter:label1\" content=\"Gesch\u00e4tzte Lesezeit\" \/>\n\t<meta name=\"twitter:data1\" content=\"2\u00a0Minuten\" \/>\n<script type=\"application\/ld+json\" class=\"yoast-schema-graph\">{\"@context\":\"https:\\\/\\\/schema.org\",\"@graph\":[{\"@type\":\"WebPage\",\"@id\":\"https:\\\/\\\/bouw-landgoeddeleijen.nl\\\/over-ons\\\/\",\"url\":\"https:\\\/\\\/bouw-landgoeddeleijen.nl\\\/over-ons\\\/\",\"name\":\"Over ons - Landgoed de Leijen\",\"isPartOf\":{\"@id\":\"https:\\\/\\\/bouw-landgoeddeleijen.nl\\\/#website\"},\"primaryImageOfPage\":{\"@id\":\"https:\\\/\\\/bouw-landgoeddeleijen.nl\\\/over-ons\\\/#primaryimage\"},\"image\":{\"@id\":\"https:\\\/\\\/bouw-landgoeddeleijen.nl\\\/over-ons\\\/#primaryimage\"},\"thumbnailUrl\":\"https:\\\/\\\/bouw-landgoeddeleijen.nl\\\/wp-content\\\/uploads\\\/2025\\\/08\\\/Familie-Dekker.jpg\",\"datePublished\":\"2025-08-05T07:01:58+00:00\",\"dateModified\":\"2025-10-11T11:15:25+00:00\",\"description\":\"Wij zijn Peter en Tamara en samen met onze kinderen Abby en Syb wonen wij op Landgoed de Leijen, een kleinschalig vakantieverblijf.\",\"breadcrumb\":{\"@id\":\"https:\\\/\\\/bouw-landgoeddeleijen.nl\\\/over-ons\\\/#breadcrumb\"},\"inLanguage\":\"de\",\"potentialAction\":[{\"@type\":\"ReadAction\",\"target\":[\"https:\\\/\\\/bouw-landgoeddeleijen.nl\\\/over-ons\\\/\"]}]},{\"@type\":\"ImageObject\",\"inLanguage\":\"de\",\"@id\":\"https:\\\/\\\/bouw-landgoeddeleijen.nl\\\/over-ons\\\/#primaryimage\",\"url\":\"https:\\\/\\\/bouw-landgoeddeleijen.nl\\\/wp-content\\\/uploads\\\/2025\\\/08\\\/Familie-Dekker.jpg\",\"contentUrl\":\"https:\\\/\\\/bouw-landgoeddeleijen.nl\\\/wp-content\\\/uploads\\\/2025\\\/08\\\/Familie-Dekker.jpg\",\"width\":385,\"height\":385,\"caption\":\"Familie Dekker\"},{\"@type\":\"BreadcrumbList\",\"@id\":\"https:\\\/\\\/bouw-landgoeddeleijen.nl\\\/over-ons\\\/#breadcrumb\",\"itemListElement\":[{\"@type\":\"ListItem\",\"position\":1,\"name\":\"Home\",\"item\":\"https:\\\/\\\/bouw-landgoeddeleijen.nl\\\/\"},{\"@type\":\"ListItem\",\"position\":2,\"name\":\"Over ons\"}]},{\"@type\":\"WebSite\",\"@id\":\"https:\\\/\\\/bouw-landgoeddeleijen.nl\\\/#website\",\"url\":\"https:\\\/\\\/bouw-landgoeddeleijen.nl\\\/\",\"name\":\"Landgoed de Leijen\",\"description\":\"\",\"publisher\":{\"@id\":\"https:\\\/\\\/bouw-landgoeddeleijen.nl\\\/#organization\"},\"potentialAction\":[{\"@type\":\"SearchAction\",\"target\":{\"@type\":\"EntryPoint\",\"urlTemplate\":\"https:\\\/\\\/bouw-landgoeddeleijen.nl\\\/?s={search_term_string}\"},\"query-input\":{\"@type\":\"PropertyValueSpecification\",\"valueRequired\":true,\"valueName\":\"search_term_string\"}}],\"inLanguage\":\"de\"},{\"@type\":\"Organization\",\"@id\":\"https:\\\/\\\/bouw-landgoeddeleijen.nl\\\/#organization\",\"name\":\"Landgoed de Leijen\",\"url\":\"https:\\\/\\\/bouw-landgoeddeleijen.nl\\\/\",\"logo\":{\"@type\":\"ImageObject\",\"inLanguage\":\"de\",\"@id\":\"https:\\\/\\\/bouw-landgoeddeleijen.nl\\\/#\\\/schema\\\/logo\\\/image\\\/\",\"url\":\"https:\\\/\\\/bouw-landgoeddeleijen.nl\\\/wp-content\\\/uploads\\\/2025\\\/07\\\/Landgoed-de-Leijen.jpg\",\"contentUrl\":\"https:\\\/\\\/bouw-landgoeddeleijen.nl\\\/wp-content\\\/uploads\\\/2025\\\/07\\\/Landgoed-de-Leijen.jpg\",\"width\":350,\"height\":100,\"caption\":\"Landgoed de Leijen\"},\"image\":{\"@id\":\"https:\\\/\\\/bouw-landgoeddeleijen.nl\\\/#\\\/schema\\\/logo\\\/image\\\/\"}}]}<\/script>\n<!-- \/ Yoast SEO plugin. -->","yoast_head_json":{"title":"\u00dcber uns - Landgoed de Leijen","description":"Wir sind Peter und Tamara und leben zusammen mit unseren Kindern Abby und Syb in Landgoed de Leijen, einem kleinen Ferienort.","robots":{"index":"noindex","follow":"follow","max-snippet":"max-snippet:-1","max-image-preview":"max-image-preview:large","max-video-preview":"max-video-preview:-1"},"og_locale":"de_DE","og_type":"article","og_title":"Over ons - Landgoed de Leijen","og_description":"Wij zijn Peter en Tamara en samen met onze kinderen Abby en Syb wonen wij op Landgoed de Leijen, een kleinschalig vakantieverblijf.","og_url":"https:\/\/bouw-landgoeddeleijen.nl\/de\/over-ons\/","og_site_name":"Landgoed de Leijen","article_modified_time":"2025-10-11T11:15:25+00:00","og_image":[{"width":385,"height":385,"url":"https:\/\/bouw-landgoeddeleijen.nl\/wp-content\/uploads\/2025\/08\/Familie-Dekker.jpg","type":"image\/jpeg"}],"twitter_card":"summary_large_image","twitter_misc":{"Gesch\u00e4tzte Lesezeit":"2\u00a0Minuten"},"schema":{"@context":"https:\/\/schema.org","@graph":[{"@type":"WebPage","@id":"https:\/\/bouw-landgoeddeleijen.nl\/over-ons\/","url":"https:\/\/bouw-landgoeddeleijen.nl\/over-ons\/","name":"\u00dcber uns - Landgoed de Leijen","isPartOf":{"@id":"https:\/\/bouw-landgoeddeleijen.nl\/#website"},"primaryImageOfPage":{"@id":"https:\/\/bouw-landgoeddeleijen.nl\/over-ons\/#primaryimage"},"image":{"@id":"https:\/\/bouw-landgoeddeleijen.nl\/over-ons\/#primaryimage"},"thumbnailUrl":"https:\/\/bouw-landgoeddeleijen.nl\/wp-content\/uploads\/2025\/08\/Familie-Dekker.jpg","datePublished":"2025-08-05T07:01:58+00:00","dateModified":"2025-10-11T11:15:25+00:00","description":"Wir sind Peter und Tamara und leben zusammen mit unseren Kindern Abby und Syb in Landgoed de Leijen, einem kleinen Ferienort.","breadcrumb":{"@id":"https:\/\/bouw-landgoeddeleijen.nl\/over-ons\/#breadcrumb"},"inLanguage":"de","potentialAction":[{"@type":"ReadAction","target":["https:\/\/bouw-landgoeddeleijen.nl\/over-ons\/"]}]},{"@type":"ImageObject","inLanguage":"de","@id":"https:\/\/bouw-landgoeddeleijen.nl\/over-ons\/#primaryimage","url":"https:\/\/bouw-landgoeddeleijen.nl\/wp-content\/uploads\/2025\/08\/Familie-Dekker.jpg","contentUrl":"https:\/\/bouw-landgoeddeleijen.nl\/wp-content\/uploads\/2025\/08\/Familie-Dekker.jpg","width":385,"height":385,"caption":"Familie Dekker"},{"@type":"BreadcrumbList","@id":"https:\/\/bouw-landgoeddeleijen.nl\/over-ons\/#breadcrumb","itemListElement":[{"@type":"ListItem","position":1,"name":"Home","item":"https:\/\/bouw-landgoeddeleijen.nl\/"},{"@type":"ListItem","position":2,"name":"Over ons"}]},{"@type":"WebSite","@id":"https:\/\/bouw-landgoeddeleijen.nl\/#website","url":"https:\/\/bouw-landgoeddeleijen.nl\/","name":"Anwesen Leijen","description":"","publisher":{"@id":"https:\/\/bouw-landgoeddeleijen.nl\/#organization"},"potentialAction":[{"@type":"SearchAction","target":{"@type":"EntryPoint","urlTemplate":"https:\/\/bouw-landgoeddeleijen.nl\/?s={search_term_string}"},"query-input":{"@type":"PropertyValueSpecification","valueRequired":true,"valueName":"search_term_string"}}],"inLanguage":"de"},{"@type":"Organization","@id":"https:\/\/bouw-landgoeddeleijen.nl\/#organization","name":"Anwesen Leijen","url":"https:\/\/bouw-landgoeddeleijen.nl\/","logo":{"@type":"ImageObject","inLanguage":"de","@id":"https:\/\/bouw-landgoeddeleijen.nl\/#\/schema\/logo\/image\/","url":"https:\/\/bouw-landgoeddeleijen.nl\/wp-content\/uploads\/2025\/07\/Landgoed-de-Leijen.jpg","contentUrl":"https:\/\/bouw-landgoeddeleijen.nl\/wp-content\/uploads\/2025\/07\/Landgoed-de-Leijen.jpg","width":350,"height":100,"caption":"Landgoed de Leijen"},"image":{"@id":"https:\/\/bouw-landgoeddeleijen.nl\/#\/schema\/logo\/image\/"}}]}},"_links":{"self":[{"href":"https:\/\/bouw-landgoeddeleijen.nl\/de\/wp-json\/wp\/v2\/pages\/164","targetHints":{"allow":["GET"]}}],"collection":[{"href":"https:\/\/bouw-landgoeddeleijen.nl\/de\/wp-json\/wp\/v2\/pages"}],"about":[{"href":"https:\/\/bouw-landgoeddeleijen.nl\/de\/wp-json\/wp\/v2\/types\/page"}],"author":[{"embeddable":true,"href":"https:\/\/bouw-landgoeddeleijen.nl\/de\/wp-json\/wp\/v2\/users\/1"}],"replies":[{"embeddable":true,"href":"https:\/\/bouw-landgoeddeleijen.nl\/de\/wp-json\/wp\/v2\/comments?post=164"}],"version-history":[{"count":34,"href":"https:\/\/bouw-landgoeddeleijen.nl\/de\/wp-json\/wp\/v2\/pages\/164\/revisions"}],"predecessor-version":[{"id":914,"href":"https:\/\/bouw-landgoeddeleijen.nl\/de\/wp-json\/wp\/v2\/pages\/164\/revisions\/914"}],"wp:featuredmedia":[{"embeddable":true,"href":"https:\/\/bouw-landgoeddeleijen.nl\/de\/wp-json\/wp\/v2\/media\/165"}],"wp:attachment":[{"href":"https:\/\/bouw-landgoeddeleijen.nl\/de\/wp-json\/wp\/v2\/media?parent=164"}],"curies":[{"name":"wp","href":"https:\/\/api.w.org\/{rel}","templated":true}]}}